{"id":1732,"date":"2021-06-17T08:56:53","date_gmt":"2021-06-17T08:56:53","guid":{"rendered":"https:\/\/www.currentpublishing.com\/shop\/product\/import-placeholder-for-36\/"},"modified":"2026-03-17T02:28:05","modified_gmt":"2026-03-17T02:28:05","slug":"minerva-190","status":"publish","type":"product","link":"https:\/\/currentpublishing.com\/shop\/product\/minerva-190\/","title":{"rendered":"Minerva 190"},"content":{"rendered":"<div id=\"text-col-1\" class=\"col-sm-6\">\n<p>After his death at the age of 30, statues of the Roman emperor Nero were toppled, destroyed, and stored away for reuse and recarving by future emperors. Historians wrote in detail about his many misdeeds, colouring our view of the last Julio-Claudian ruler. These vehement voices belonged to Rome\u2019s ruling class, those with the power to write texts that would be read for centuries. But those who did not have such a privileged position also left traces of their views through graffiti, often in favour of Nero, who was an avid builder of public facilities, ranging from a covered market to a wooden amphitheatre. As a new exhibition on the emperor opens at the British Museum, our cover feature explores the world Nero and his critics lived in, and the changes that may have contributed to the one-sided hostility shown toward the emperor by ancient authors.<\/p>\n<p>In 2014, the Galloway Hoard was discovered in south-western Scotland. The assemblage contained an unusually large amount of gold for a Viking Age hoard, and less-assuming objects too \u2013 including balls of dirt. From glitz to gravel, the remarkable hoard offers a chance to explore questions about Scotland\u2019s international connections in the 9th and 10th centuries AD. The answers may still be some way off, but, as the hoard goes on display in a new touring exhibition in Scotland, curator Martin Goldberg reveals what we know so far, and what we can hope to find out over the course of a new research project.<\/p>\n<\/div>\n<div id=\"text-col-2\" class=\"col-sm-6\">\n<p>Working in France, the Spanish artist Picasso engaged in a creative dialogue with ancient Iberian art for many years. An Iberian-inspired statue watches over his grave in Vauvenargues in the south of France \u2013 a lasting reminder of his enduring connection to the ancient art of his homeland, which began with a visit to the Louvre in 1906. C\u00e9cile Godefroy and H\u00e9l\u00e8ne Le Meaux trace the artist\u2019s Iberian interests throughout his career.<\/p>\n<p>Next, we consider a rather different artist: William Pars, who joined an expedition to rediscover the ancient Greek sites of Ionia. Pars\u2019s watercolours from the 1764 voyage give a glimpse of what life was like on the expedition, but also convey the majesty of the ruined temples and their scenic surroundings, as Louise Stewart writes.<\/p>\n<p>For our final feature, Geraldine Fabrikant looks at the culinary delights on offer to esteemed guests throughout the ages. Banquets were more than just a way to enjoy fine food and wine, as an exhibition at the Louvre-Lens explores. They provide a stage for elaborate formal protocol and ostentatious tableware, and even opportunities for poisoning.<\/p>\n<\/div>\n","protected":false},"excerpt":{"rendered":"<p><strong>In this issue:<\/strong><\/p>\n<p>&#8211; Nero: a new look at the infamous emperor<br \/>\n&#8211; Picasso: Iberian influences<br \/>\n&#8211; Ionia, 1764: the romance of ruins<br \/>\n&#8211; Galloway Hoard: surprising finds from the Viking Age<br \/>\n&#8211; Banquets: the theatre of feasting in antiquity and beyond<\/p>\n","protected":false},"featured_media":3010,"template":"","meta":{"_uag_custom_page_level_css":"","site-sidebar-layout":"default","site-content-layout":"default","ast-site-content-layout":"","site-content-style":"","site-sidebar-style":"","ast-global-header-display":"","ast-banner-title-visibility":"","ast-main-header-display":"","ast-hfb-above-header-display":"","ast-hfb-below-header-display":"","ast-hfb-mobile-header-display":"","site-post-title":"","ast-breadcrumbs-content":"","ast-featured-img":"","footer-sml-layout":"","ast-disable-related-posts":"","theme-transparent-header-meta":"default","adv-header-id-meta":"","stick-header-meta":"default","header-above-stick-meta":"","header-main-stick-meta":"","header-below-stick-meta":"","astra-migrate-meta-layouts":"","ast-page-background-enabled":"default","ast-page-background-meta":{"desktop":{"background-color":"","background-image":"","background-repeat":"repeat","background-position":"center center","background-size":"auto","background-attachment":"scroll","background-type":"","background-media":"","overlay-type":"","overlay-color":"","overlay-opacity":"","overlay-gradient":""},"tablet":{"background-color":"","background-image":"","background-repeat":"repeat","background-position":"center center","background-size":"auto","background-attachment":"scroll","background-type":"","background-media":"","overlay-type":"","overlay-color":"","overlay-opacity":"","overlay-gradient":""},"mobile":{"background-color":"","background-image":"","background-repeat":"repeat","background-position":"center center","background-size":"auto","background-attachment":"scroll","background-type":"","background-media":"","overlay-type":"","overlay-color":"","overlay-opacity":"","overlay-gradient":""}},"ast-content-background-meta":{"desktop":{"background-color":"var(--ast-global-color-5)","background-image":"","background-repeat":"repeat","background-position":"center center","background-size":"auto","background-attachment":"scroll","background-type":"","background-media":"","overlay-type":"","overlay-color":"","overlay-opacity":"","overlay-gradient":""},"tablet":{"background-color":"var(--ast-global-color-5)","background-image":"","background-repeat":"repeat","background-position":"center center","background-size":"auto","background-attachment":"scroll","background-type":"","background-media":"","overlay-type":"","overlay-color":"","overlay-opacity":"","overlay-gradient":""},"mobile":{"background-color":"var(--ast-global-color-5)","background-image":"","background-repeat":"repeat","background-position":"center center","background-size":"auto","background-attachment":"scroll","background-type":"","background-media":"","overlay-type":"","overlay-color":"","overlay-opacity":"","overlay-gradient":""}}},"product_brand":[],"product_cat":[37],"product_tag":[32],"class_list":{"0":"post-1732","1":"product","2":"type-product","3":"status-publish","4":"has-post-thumbnail","6":"product_cat-back-issue","7":"product_tag-minerva","8":"product_shipping_class-back-issue","9":"desktop-align-center","10":"tablet-align-center","11":"mobile-align-center","12":"ast-product-gallery-layout-first-image-large","13":"ast-magnify-disabled","14":"ast-product-tabs-layout-distributed","16":"first","17":"instock","18":"taxable","19":"shipping-taxable","20":"purchasable","21":"product-type-simple"},"uagb_featured_image_src":{"full":["https:\/\/currentpublishing.com\/shop\/wp-content\/uploads\/min190-cover.jpeg",1500,1959,false],"thumbnail":["https:\/\/currentpublishing.com\/shop\/wp-content\/uploads\/min190-cover-150x150.jpeg",150,150,true],"medium":["https:\/\/currentpublishing.com\/shop\/wp-content\/uploads\/min190-cover-230x300.jpeg",230,300,true],"medium_large":["https:\/\/currentpublishing.com\/shop\/wp-content\/uploads\/min190-cover-768x1003.jpeg",768,1003,true],"large":["https:\/\/currentpublishing.com\/shop\/wp-content\/uploads\/min190-cover-784x1024.jpeg",784,1024,true],"1536x1536":["https:\/\/currentpublishing.com\/shop\/wp-content\/uploads\/min190-cover-1176x1536.jpeg",1176,1536,true],"2048x2048":["https:\/\/currentpublishing.com\/shop\/wp-content\/uploads\/min190-cover.jpeg",1500,1959,false],"woocommerce_thumbnail":["https:\/\/currentpublishing.com\/shop\/wp-content\/uploads\/min190-cover-300x400.jpeg",300,400,true],"woocommerce_single":["https:\/\/currentpublishing.com\/shop\/wp-content\/uploads\/min190-cover-600x784.jpeg",600,784,true],"woocommerce_gallery_thumbnail":["https:\/\/currentpublishing.com\/shop\/wp-content\/uploads\/min190-cover-100x100.jpeg",100,100,true]},"uagb_author_info":{"display_name":"admin","author_link":"https:\/\/currentpublishing.com\/shop\/author\/"},"uagb_comment_info":0,"uagb_excerpt":"In this issue: - Nero: a new look at the infamous emperor - Picasso: Iberian influences - Ionia, 1764: the romance of ruins - Galloway Hoard: surprising finds from the Viking Age - Banquets: the theatre of feasting in antiquity and beyond","jetpack_sharing_enabled":true,"_links":{"self":[{"href":"https:\/\/currentpublishing.com\/shop\/wp-json\/wp\/v2\/product\/1732","targetHints":{"allow":["GET"]}}],"collection":[{"href":"https:\/\/currentpublishing.com\/shop\/wp-json\/wp\/v2\/product"}],"about":[{"href":"https:\/\/currentpublishing.com\/shop\/wp-json\/wp\/v2\/types\/product"}],"wp:featuredmedia":[{"embeddable":true,"href":"https:\/\/currentpublishing.com\/shop\/wp-json\/wp\/v2\/media\/3010"}],"wp:attachment":[{"href":"https:\/\/currentpublishing.com\/shop\/wp-json\/wp\/v2\/media?parent=1732"}],"wp:term":[{"taxonomy":"product_brand","embeddable":true,"href":"https:\/\/currentpublishing.com\/shop\/wp-json\/wp\/v2\/product_brand?post=1732"},{"taxonomy":"product_cat","embeddable":true,"href":"https:\/\/currentpublishing.com\/shop\/wp-json\/wp\/v2\/product_cat?post=1732"},{"taxonomy":"product_tag","embeddable":true,"href":"https:\/\/currentpublishing.com\/shop\/wp-json\/wp\/v2\/product_tag?post=1732"}],"curies":[{"name":"wp","href":"https:\/\/api.w.org\/{rel}","templated":true}]}}