{"id":1851,"date":"2020-12-09T08:57:29","date_gmt":"2020-12-09T08:57:29","guid":{"rendered":"https:\/\/www.currentpublishing.com\/shop\/product\/import-placeholder-for-155\/"},"modified":"2026-02-13T13:02:26","modified_gmt":"2026-02-13T13:02:26","slug":"military-history-matters-116","status":"publish","type":"product","link":"https:\/\/currentpublishing.com\/shop\/product\/military-history-matters-116\/","title":{"rendered":"Military History Matters 116"},"content":{"rendered":"","protected":false},"excerpt":{"rendered":"<p><strong>In this issue:<\/strong><br \/>\n&#8211; \tThe Battle of Berlin: the Third Reich\u2019s apocalyptic last stand<br \/>\n&#8211; \tDawn of the dreadnought: the Anglo-German naval arms race<br \/>\n&#8211; \tBoyac\u00e1, 1819: Sim\u00f3n Bol\u00edvar\u2019s war of liberation<br \/>\n&#8211; \tConflict archaeology: the underwater remains of a defeated Japanese fleet<br \/>\n&#8211; \tThe East Tyrone Brigade at Derryard Checkpoint, 1989<\/p>\n<p>Plus: War Athletes, War Culture, Book Reviews, Museum Review, War on Film, Back to the Drawing Board, Listings, and more<\/p>\n","protected":false},"featured_media":812,"template":"","meta":{"_uag_custom_page_level_css":"","site-sidebar-layout":"","site-content-layout":"","ast-site-content-layout":"","site-content-style":"","site-sidebar-style":"","ast-global-header-display":"","ast-banner-title-visibility":"","ast-main-header-display":"","ast-hfb-above-header-display":"","ast-hfb-below-header-display":"","ast-hfb-mobile-header-display":"","site-post-title":"","ast-breadcrumbs-content":"","ast-featured-img":"","footer-sml-layout":"","ast-disable-related-posts":"","theme-transparent-header-meta":"","adv-header-id-meta":"","stick-header-meta":"","header-above-stick-meta":"","header-main-stick-meta":"","header-below-stick-meta":"","astra-migrate-meta-layouts":"","ast-page-background-enabled":"default","ast-page-background-meta":{"desktop":{"background-color":"","background-image":"","background-repeat":"repeat","background-position":"center center","background-size":"auto","background-attachment":"scroll","background-type":"","background-media":"","overlay-type":"","overlay-color":"","overlay-opacity":"","overlay-gradient":""},"tablet":{"background-color":"","background-image":"","background-repeat":"repeat","background-position":"center center","background-size":"auto","background-attachment":"scroll","background-type":"","background-media":"","overlay-type":"","overlay-color":"","overlay-opacity":"","overlay-gradient":""},"mobile":{"background-color":"","background-image":"","background-repeat":"repeat","background-position":"center center","background-size":"auto","background-attachment":"scroll","background-type":"","background-media":"","overlay-type":"","overlay-color":"","overlay-opacity":"","overlay-gradient":""}},"ast-content-background-meta":{"desktop":{"background-color":"var(--ast-global-color-5)","background-image":"","background-repeat":"repeat","background-position":"center center","background-size":"auto","background-attachment":"scroll","background-type":"","background-media":"","overlay-type":"","overlay-color":"","overlay-opacity":"","overlay-gradient":""},"tablet":{"background-color":"var(--ast-global-color-5)","background-image":"","background-repeat":"repeat","background-position":"center center","background-size":"auto","background-attachment":"scroll","background-type":"","background-media":"","overlay-type":"","overlay-color":"","overlay-opacity":"","overlay-gradient":""},"mobile":{"background-color":"var(--ast-global-color-5)","background-image":"","background-repeat":"repeat","background-position":"center center","background-size":"auto","background-attachment":"scroll","background-type":"","background-media":"","overlay-type":"","overlay-color":"","overlay-opacity":"","overlay-gradient":""}}},"product_brand":[],"product_cat":[60],"product_tag":[29],"class_list":{"0":"post-1851","1":"product","2":"type-product","3":"status-publish","4":"has-post-thumbnail","6":"product_cat-back-issue-military-history-matters","7":"product_tag-military-history-matters","8":"product_shipping_class-back-issue","9":"desktop-align-center","10":"tablet-align-center","11":"mobile-align-center","12":"ast-product-gallery-layout-first-image-large","13":"ast-product-gallery-with-no-image","14":"ast-magnify-disabled","15":"ast-product-tabs-layout-distributed","17":"first","18":"instock","19":"taxable","20":"shipping-taxable","21":"purchasable","22":"product-type-simple"},"uagb_featured_image_src":{"full":["https:\/\/currentpublishing.com\/shop\/wp-content\/uploads\/mhm116.jpg",1000,1306,false],"thumbnail":["https:\/\/currentpublishing.com\/shop\/wp-content\/uploads\/mhm116-150x150.jpg",150,150,true],"medium":["https:\/\/currentpublishing.com\/shop\/wp-content\/uploads\/mhm116-230x300.jpg",230,300,true],"medium_large":["https:\/\/currentpublishing.com\/shop\/wp-content\/uploads\/mhm116-768x1003.jpg",768,1003,true],"large":["https:\/\/currentpublishing.com\/shop\/wp-content\/uploads\/mhm116-784x1024.jpg",784,1024,true],"1536x1536":["https:\/\/currentpublishing.com\/shop\/wp-content\/uploads\/mhm116.jpg",1000,1306,false],"2048x2048":["https:\/\/currentpublishing.com\/shop\/wp-content\/uploads\/mhm116.jpg",1000,1306,false],"woocommerce_thumbnail":["https:\/\/currentpublishing.com\/shop\/wp-content\/uploads\/mhm116-300x400.jpg",300,400,true],"woocommerce_single":["https:\/\/currentpublishing.com\/shop\/wp-content\/uploads\/mhm116-600x784.jpg",600,784,true],"woocommerce_gallery_thumbnail":["https:\/\/currentpublishing.com\/shop\/wp-content\/uploads\/mhm116-100x100.jpg",100,100,true]},"uagb_author_info":{"display_name":"admin","author_link":"https:\/\/currentpublishing.com\/shop\/author\/"},"uagb_comment_info":0,"uagb_excerpt":"In this issue: - The Battle of Berlin: the Third Reich\u2019s apocalyptic last stand - Dawn of the dreadnought: the Anglo-German naval arms race - Boyac\u00e1, 1819: Sim\u00f3n Bol\u00edvar\u2019s war of liberation - Conflict archaeology: the underwater remains of a defeated Japanese fleet - The East Tyrone Brigade at Derryard Checkpoint, 1989 Plus: War Athletes,&hellip;","jetpack_sharing_enabled":true,"_links":{"self":[{"href":"https:\/\/currentpublishing.com\/shop\/wp-json\/wp\/v2\/product\/1851","targetHints":{"allow":["GET"]}}],"collection":[{"href":"https:\/\/currentpublishing.com\/shop\/wp-json\/wp\/v2\/product"}],"about":[{"href":"https:\/\/currentpublishing.com\/shop\/wp-json\/wp\/v2\/types\/product"}],"wp:featuredmedia":[{"embeddable":true,"href":"https:\/\/currentpublishing.com\/shop\/wp-json\/wp\/v2\/media\/812"}],"wp:attachment":[{"href":"https:\/\/currentpublishing.com\/shop\/wp-json\/wp\/v2\/media?parent=1851"}],"wp:term":[{"taxonomy":"product_brand","embeddable":true,"href":"https:\/\/currentpublishing.com\/shop\/wp-json\/wp\/v2\/product_brand?post=1851"},{"taxonomy":"product_cat","embeddable":true,"href":"https:\/\/currentpublishing.com\/shop\/wp-json\/wp\/v2\/product_cat?post=1851"},{"taxonomy":"product_tag","embeddable":true,"href":"https:\/\/currentpublishing.com\/shop\/wp-json\/wp\/v2\/product_tag?post=1851"}],"curies":[{"name":"wp","href":"https:\/\/api.w.org\/{rel}","templated":true}]}}